{"id":2,"date":"2022-02-21T00:23:44","date_gmt":"2022-02-20T23:23:44","guid":{"rendered":"http:\/\/samozycieijuz.pl\/?page_id=2"},"modified":"2022-03-07T23:21:58","modified_gmt":"2022-03-07T22:21:58","slug":"o-autorze","status":"publish","type":"page","link":"https:\/\/samozycieijuz.pl\/?page_id=2","title":{"rendered":"O autorze"},"content":{"rendered":"\n<div class=\"wp-block-columns is-layout-flex wp-container-core-columns-is-layout-9d6595d7 wp-block-columns-is-layout-flex\">\n<div class=\"wp-block-column is-layout-flow wp-block-column-is-layout-flow\" style=\"flex-basis:100%\">\n<div class=\"wp-block-columns is-layout-flex wp-container-core-columns-is-layout-9d6595d7 wp-block-columns-is-layout-flex\">\n<div class=\"wp-block-column is-layout-flow wp-block-column-is-layout-flow\" style=\"flex-basis:33.33%\">\n<figure class=\"wp-block-image size-full is-style-default\"><img loading=\"lazy\" decoding=\"async\" width=\"837\" height=\"969\" src=\"http:\/\/samozycieijuz.pl\/wp-content\/uploads\/2022\/03\/mp_www.jpg\" alt=\"\" class=\"wp-image-461\" srcset=\"https:\/\/samozycieijuz.pl\/wp-content\/uploads\/2022\/03\/mp_www.jpg 837w, https:\/\/samozycieijuz.pl\/wp-content\/uploads\/2022\/03\/mp_www-259x300.jpg 259w, https:\/\/samozycieijuz.pl\/wp-content\/uploads\/2022\/03\/mp_www-768x889.jpg 768w\" sizes=\"auto, (max-width: 837px) 100vw, 837px\" \/><\/figure>\n<\/div>\n\n\n\n<div class=\"wp-block-column is-layout-flow wp-block-column-is-layout-flow\"><\/div>\n\n\n\n<div class=\"wp-block-column text-toalign is-layout-flow wp-block-column-is-layout-flow\" style=\"flex-basis:120%\">\n<p class=\"has-drop-cap text-to-align-\"><strong>MARE<em>K PIETRZYKOWSKI (ur. 1953)<\/em><\/strong> mgr in\u017c. mechanik, absolwent Wydzia\u0142u Mechanicznego Politechniki Krakowskiej. Pracowa\u0142 m. in. w Hucie \u201eStalowa Wola\u201d (HSW). Tu\u017c przed I wojn\u0105 w Zatoce Perskiej (1990) by\u0142 w Iraku szefem Serwisu Wojskowego HSW. Odwiedzi\u0142 liczne kraje europejskie, bywa\u0142 w USA, Argentynie, Turcji, Iraku, Iranie, Kazachstanie na Syberii, w Indiach, Chinach, Korei czy na Tajwanie Trzykrotnie przemierzy\u0142 samochodem osobowym tras\u0119 Stalowa Wola &#8211; Bagdad i raz Stalowa Wola &#8211; Teheran. Opisuje obrazy widziane zza kierownicy 40-tonowego \u017curawia teleskopowego na podwoziu ko\u0142owym w drodze do Hamburga i do Bukaresztu.<\/p>\n<\/div>\n<\/div>\n<\/div>\n<\/div>\n\n\n\n<p>Z zami\u0142owania podr\u00f3\u017cnik, w\u0119drowa\u0142 po g\u00f3rach polskich i bu\u0142garskich, uczestnik wspinaczek taternickich i wypraw ratunkowych z GOPR. P\u0142etwonurek (ksi\u0105\u017ck\u0119 nurka uzyska\u0142 w 1969 roku). Przez ponad 30 lat uprawia\u0142 windsurfing, kt\u00f3rego instruktorem zosta\u0142 na pierwszym kursie zorganizowanym w Polsce w1988 roku. Brak deskowej adrenaliny zast\u0119puje rejsami morskimi na pok\u0142adzie jachtu s\/y Sarmata II Jacht Klubu Marynarki Wojennej \u201eKotwica\u201d z Gdyni.<\/p>\n\n\n\n<p><\/p>\n","protected":false},"excerpt":{"rendered":"<p>MAREK PIETRZYKOWSKI (ur. 1953) mgr in\u017c. mechanik, absolwent Wydzia\u0142u Mechanicznego Politechniki Krakowskiej. Pracowa\u0142 m. in. w Hucie \u201eStalowa Wola\u201d (HSW). Tu\u017c przed I wojn\u0105 w Zatoce Perskiej (1990) by\u0142 w Iraku szefem Serwisu Wojskowego HSW. Odwiedzi\u0142 liczne kraje europejskie, bywa\u0142 &hellip; <a href=\"https:\/\/samozycieijuz.pl\/?page_id=2\">Czytaj dalej <span class=\"meta-nav\">&rarr;<\/span><\/a><\/p>\n","protected":false},"author":1,"featured_media":0,"parent":0,"menu_order":2,"comment_status":"closed","ping_status":"closed","template":"","meta":{"footnotes":""},"class_list":["post-2","page","type-page","status-publish","hentry"],"yoast_head":"<!-- This site is optimized with the Yoast SEO plugin v27.3 - https:\/\/yoast.com\/product\/yoast-seo-wordpress\/ -->\n<title>O autorze - Samo \u017cycie i ju\u017c!<\/title>\n<meta name=\"robots\" content=\"index, follow, max-snippet:-1, max-image-preview:large, max-video-preview:-1\" \/>\n<link rel=\"canonical\" href=\"https:\/\/samozycieijuz.pl\/?page_id=2\" \/>\n<meta property=\"og:locale\" content=\"pl_PL\" \/>\n<meta property=\"og:type\" content=\"article\" \/>\n<meta property=\"og:title\" content=\"O autorze - Samo \u017cycie i ju\u017c!\" \/>\n<meta property=\"og:description\" content=\"MAREK PIETRZYKOWSKI (ur. 1953) mgr in\u017c. mechanik, absolwent Wydzia\u0142u Mechanicznego Politechniki Krakowskiej. Pracowa\u0142 m. in. w Hucie \u201eStalowa Wola\u201d (HSW). Tu\u017c przed I wojn\u0105 w Zatoce Perskiej (1990) by\u0142 w Iraku szefem Serwisu Wojskowego HSW. Odwiedzi\u0142 liczne kraje europejskie, bywa\u0142 &hellip; Czytaj dalej &rarr;\" \/>\n<meta property=\"og:url\" content=\"https:\/\/samozycieijuz.pl\/?page_id=2\" \/>\n<meta property=\"og:site_name\" content=\"Samo \u017cycie i ju\u017c!\" \/>\n<meta property=\"article:modified_time\" content=\"2022-03-07T22:21:58+00:00\" \/>\n<meta property=\"og:image\" content=\"http:\/\/samozycieijuz.pl\/wp-content\/uploads\/2022\/03\/mp_www.jpg\" \/>\n<meta name=\"twitter:card\" content=\"summary_large_image\" \/>\n<meta name=\"twitter:label1\" content=\"Szacowany czas czytania\" \/>\n\t<meta name=\"twitter:data1\" content=\"2 minuty\" \/>\n<script type=\"application\/ld+json\" class=\"yoast-schema-graph\">{\"@context\":\"https:\\\/\\\/schema.org\",\"@graph\":[{\"@type\":\"WebPage\",\"@id\":\"https:\\\/\\\/samozycieijuz.pl\\\/?page_id=2\",\"url\":\"https:\\\/\\\/samozycieijuz.pl\\\/?page_id=2\",\"name\":\"O autorze - Samo \u017cycie i ju\u017c!\",\"isPartOf\":{\"@id\":\"https:\\\/\\\/samozycieijuz.pl\\\/#website\"},\"primaryImageOfPage\":{\"@id\":\"https:\\\/\\\/samozycieijuz.pl\\\/?page_id=2#primaryimage\"},\"image\":{\"@id\":\"https:\\\/\\\/samozycieijuz.pl\\\/?page_id=2#primaryimage\"},\"thumbnailUrl\":\"http:\\\/\\\/samozycieijuz.pl\\\/wp-content\\\/uploads\\\/2022\\\/03\\\/mp_www.jpg\",\"datePublished\":\"2022-02-20T23:23:44+00:00\",\"dateModified\":\"2022-03-07T22:21:58+00:00\",\"breadcrumb\":{\"@id\":\"https:\\\/\\\/samozycieijuz.pl\\\/?page_id=2#breadcrumb\"},\"inLanguage\":\"pl-PL\",\"potentialAction\":[{\"@type\":\"ReadAction\",\"target\":[\"https:\\\/\\\/samozycieijuz.pl\\\/?page_id=2\"]}]},{\"@type\":\"ImageObject\",\"inLanguage\":\"pl-PL\",\"@id\":\"https:\\\/\\\/samozycieijuz.pl\\\/?page_id=2#primaryimage\",\"url\":\"https:\\\/\\\/samozycieijuz.pl\\\/wp-content\\\/uploads\\\/2022\\\/03\\\/mp_www.jpg\",\"contentUrl\":\"https:\\\/\\\/samozycieijuz.pl\\\/wp-content\\\/uploads\\\/2022\\\/03\\\/mp_www.jpg\",\"width\":837,\"height\":969},{\"@type\":\"BreadcrumbList\",\"@id\":\"https:\\\/\\\/samozycieijuz.pl\\\/?page_id=2#breadcrumb\",\"itemListElement\":[{\"@type\":\"ListItem\",\"position\":1,\"name\":\"Home\",\"item\":\"https:\\\/\\\/samozycieijuz.pl\\\/\"},{\"@type\":\"ListItem\",\"position\":2,\"name\":\"O autorze\"}]},{\"@type\":\"WebSite\",\"@id\":\"https:\\\/\\\/samozycieijuz.pl\\\/#website\",\"url\":\"https:\\\/\\\/samozycieijuz.pl\\\/\",\"name\":\"Samo \u017cycie i ju\u017c!\",\"description\":\"Marek Pietrzykowski: przygody, podr\u00f3\u017ce...i nie tylko  \",\"potentialAction\":[{\"@type\":\"SearchAction\",\"target\":{\"@type\":\"EntryPoint\",\"urlTemplate\":\"https:\\\/\\\/samozycieijuz.pl\\\/?s={search_term_string}\"},\"query-input\":{\"@type\":\"PropertyValueSpecification\",\"valueRequired\":true,\"valueName\":\"search_term_string\"}}],\"inLanguage\":\"pl-PL\"}]}<\/script>\n<!-- \/ Yoast SEO plugin. -->","yoast_head_json":{"title":"O autorze - Samo \u017cycie i ju\u017c!","robots":{"index":"index","follow":"follow","max-snippet":"max-snippet:-1","max-image-preview":"max-image-preview:large","max-video-preview":"max-video-preview:-1"},"canonical":"https:\/\/samozycieijuz.pl\/?page_id=2","og_locale":"pl_PL","og_type":"article","og_title":"O autorze - Samo \u017cycie i ju\u017c!","og_description":"MAREK PIETRZYKOWSKI (ur. 1953) mgr in\u017c. mechanik, absolwent Wydzia\u0142u Mechanicznego Politechniki Krakowskiej. Pracowa\u0142 m. in. w Hucie \u201eStalowa Wola\u201d (HSW). Tu\u017c przed I wojn\u0105 w Zatoce Perskiej (1990) by\u0142 w Iraku szefem Serwisu Wojskowego HSW. Odwiedzi\u0142 liczne kraje europejskie, bywa\u0142 &hellip; Czytaj dalej &rarr;","og_url":"https:\/\/samozycieijuz.pl\/?page_id=2","og_site_name":"Samo \u017cycie i ju\u017c!","article_modified_time":"2022-03-07T22:21:58+00:00","og_image":[{"url":"http:\/\/samozycieijuz.pl\/wp-content\/uploads\/2022\/03\/mp_www.jpg","type":"","width":"","height":""}],"twitter_card":"summary_large_image","twitter_misc":{"Szacowany czas czytania":"2 minuty"},"schema":{"@context":"https:\/\/schema.org","@graph":[{"@type":"WebPage","@id":"https:\/\/samozycieijuz.pl\/?page_id=2","url":"https:\/\/samozycieijuz.pl\/?page_id=2","name":"O autorze - Samo \u017cycie i ju\u017c!","isPartOf":{"@id":"https:\/\/samozycieijuz.pl\/#website"},"primaryImageOfPage":{"@id":"https:\/\/samozycieijuz.pl\/?page_id=2#primaryimage"},"image":{"@id":"https:\/\/samozycieijuz.pl\/?page_id=2#primaryimage"},"thumbnailUrl":"http:\/\/samozycieijuz.pl\/wp-content\/uploads\/2022\/03\/mp_www.jpg","datePublished":"2022-02-20T23:23:44+00:00","dateModified":"2022-03-07T22:21:58+00:00","breadcrumb":{"@id":"https:\/\/samozycieijuz.pl\/?page_id=2#breadcrumb"},"inLanguage":"pl-PL","potentialAction":[{"@type":"ReadAction","target":["https:\/\/samozycieijuz.pl\/?page_id=2"]}]},{"@type":"ImageObject","inLanguage":"pl-PL","@id":"https:\/\/samozycieijuz.pl\/?page_id=2#primaryimage","url":"https:\/\/samozycieijuz.pl\/wp-content\/uploads\/2022\/03\/mp_www.jpg","contentUrl":"https:\/\/samozycieijuz.pl\/wp-content\/uploads\/2022\/03\/mp_www.jpg","width":837,"height":969},{"@type":"BreadcrumbList","@id":"https:\/\/samozycieijuz.pl\/?page_id=2#breadcrumb","itemListElement":[{"@type":"ListItem","position":1,"name":"Home","item":"https:\/\/samozycieijuz.pl\/"},{"@type":"ListItem","position":2,"name":"O autorze"}]},{"@type":"WebSite","@id":"https:\/\/samozycieijuz.pl\/#website","url":"https:\/\/samozycieijuz.pl\/","name":"Samo \u017cycie i ju\u017c!","description":"Marek Pietrzykowski: przygody, podr\u00f3\u017ce...i nie tylko  ","potentialAction":[{"@type":"SearchAction","target":{"@type":"EntryPoint","urlTemplate":"https:\/\/samozycieijuz.pl\/?s={search_term_string}"},"query-input":{"@type":"PropertyValueSpecification","valueRequired":true,"valueName":"search_term_string"}}],"inLanguage":"pl-PL"}]}},"_links":{"self":[{"href":"https:\/\/samozycieijuz.pl\/index.php?rest_route=\/wp\/v2\/pages\/2","targetHints":{"allow":["GET"]}}],"collection":[{"href":"https:\/\/samozycieijuz.pl\/index.php?rest_route=\/wp\/v2\/pages"}],"about":[{"href":"https:\/\/samozycieijuz.pl\/index.php?rest_route=\/wp\/v2\/types\/page"}],"author":[{"embeddable":true,"href":"https:\/\/samozycieijuz.pl\/index.php?rest_route=\/wp\/v2\/users\/1"}],"replies":[{"embeddable":true,"href":"https:\/\/samozycieijuz.pl\/index.php?rest_route=%2Fwp%2Fv2%2Fcomments&post=2"}],"version-history":[{"count":47,"href":"https:\/\/samozycieijuz.pl\/index.php?rest_route=\/wp\/v2\/pages\/2\/revisions"}],"predecessor-version":[{"id":462,"href":"https:\/\/samozycieijuz.pl\/index.php?rest_route=\/wp\/v2\/pages\/2\/revisions\/462"}],"wp:attachment":[{"href":"https:\/\/samozycieijuz.pl\/index.php?rest_route=%2Fwp%2Fv2%2Fmedia&parent=2"}],"curies":[{"name":"wp","href":"https:\/\/api.w.org\/{rel}","templated":true}]}}