{"id":58,"date":"2022-02-25T18:01:09","date_gmt":"2022-02-25T17:01:09","guid":{"rendered":"http:\/\/samozycieijuz.pl\/?page_id=58"},"modified":"2022-03-04T23:06:00","modified_gmt":"2022-03-04T22:06:00","slug":"fragmenty-ksiazki","status":"publish","type":"page","link":"https:\/\/samozycieijuz.pl\/?page_id=58","title":{"rendered":"Fragmenty ksi\u0105\u017cki"},"content":{"rendered":"<div class=\"information-right-block\">\n<p style=\"text-align: left;\"><strong>Fragment z rozdzia\u0142u: <em>&#8222;\u017bAR G\u00d3RA IKAR\u00d3W&#8221;<\/em><\/strong><br \/><em>Te dziwne czarne ptaki odrywaj\u0105 si\u0119 od zachodniego zbocza g\u00f3ry, kt\u00f3ra wypuszcza je ze swojego hangarowego gniazda. W lekkiej porannej mgie\u0142ce zasilonej wilgoci\u0105 Jeziora Mi\u0119dzybrodzkiego ptaszyska kr\u0105\u017c\u0105 wysoko nad g\u0142owami. S\u0142o\u0144ce przebija si\u0119 przez poranne powietrze, rze\u017abi\u0105c i wype\u0142niaj\u0105c pastelowymi barwami g\u00f3r\u0119 i jej zbocza. Impresjonistyczny \u015bwiat nabiera wyra\u017anych kontur\u00f3w, ptaki rosn\u0105 w oczach, trac\u0105c ptasie kszta\u0142ty, ju\u017c wida\u0107 ich znaki rejestracyjne na ogonach\u2026<\/em><\/p>\n<p style=\"text-align: left; display: contents;\"><img loading=\"lazy\" decoding=\"async\" class=\"alignnone size-full wp-image-219 fix-image\" src=\"http:\/\/samozycieijuz.pl\/wp-content\/uploads\/2022\/02\/f_01.jpg\" alt=\"\" width=\"142\" height=\"178\" \/><\/p>\n<\/div>\n<div class=\"information-left-block\"><img loading=\"lazy\" decoding=\"async\" class=\"alignnone size-full wp-image-245\" src=\"http:\/\/samozycieijuz.pl\/wp-content\/uploads\/2022\/02\/f_02.jpg\" alt=\"\" width=\"142\" height=\"153\" \/>\n<p>\u00a0<\/p>\n<p>\u00a0<\/p>\n<p>\u00a0<\/p>\n<p><strong>Fragment z rozdzia\u0142u: <em>&#8222;SOLINA NIE KOJARZY MI SI\u0118 Z ZIELONYMI WZG\u00d3RZAMI&#8221;<\/em><\/strong><br \/><em>Przedni iluminator w he\u0142mie nurkowym mam ju\u017c zakr\u0119cony, kontakt g\u0142osowy ze \u015bwiatem jedynie przez znajduj\u0105cy si\u0119 w nim telefon. Powoli po trapie, wolno jak niezdarny robot, schodz\u0119 do wody. \u015awist powietrza w he\u0142mie, odbijam zaw\u00f3r grzybkowy s\u0142u\u017c\u0105cy do upuszczania ci\u015bnienia powietrza w kombinezonie. Powoli metr za metrem jestem opuszczany w g\u0142\u0119bin\u0119, zaczyna by\u0107 ju\u017c ciemno\u2026<\/em><\/p>\n<\/div>\n<div class=\"information-right-block\">\n<p><strong>Fragmenty z rozdzia\u0142u: <em>&#8222;ZAPISKI Z KRAJU SADDAMA&#8221;<\/em><\/strong><br \/><em>Wojdan gor\u0105czkowo rozwija kabel, cofa si\u0119 do ty\u0142u a my wszyscy razem<br \/>z nim. Kolejno odpala cztery pociski. Kaliber 120 mm, to nie strzelanie z KBKS na strzelnicy. Ziemia dr\u017cy pod nogami, r\u0119ce na uszach staraj\u0105 si\u0119 powstrzyma\u0107 ci\u015bnienie powierza. Wybuchy pocisk\u00f3w mo\u017adzierzowych podrywaj\u0105 tumany kurzu z pustyni. Zero widzialno\u015bci w promieniu kilkuset metr\u00f3w! Jeste\u015bmy wi\u0119cej ni\u017c zszokowani lekkomy\u015blno\u015bci\u0105 w trakcie strzelania. Konstruktorzy g\u0142o\u015bno komentuj\u0105\u2026<\/em><\/p>\n<p style=\"display: contents;\"><img loading=\"lazy\" decoding=\"async\" class=\"alignnone size-full wp-image-247\" src=\"http:\/\/samozycieijuz.pl\/wp-content\/uploads\/2022\/02\/f_04.jpg\" alt=\"\" width=\"241\" height=\"180\" \/><\/p>\n<\/div>\n<div class=\"information-right-block\">\n<p><em>Od rzeki dochodzi \u015bwie\u017cy powiem, kt\u00f3ry muska nasze twarze i sprawia, \u017ce p\u0142omyki ognia \u017cwawiej ta\u0144cz\u0105. Arabska muzyka podkre\u015bla klimat i nastr\u00f3j Ba\u015bni tysi\u0105ca i jednej nocy. Jestem w\u015br\u00f3d roze\u015bmianych ludzi, kt\u00f3rych pozna\u0142em zaledwie kilka dni temu, a czuj\u0119 si\u0119 w\u015br\u00f3d nich tak jakby\u015bmy ju\u017c beczk\u0119 soli zjedli.<\/em><\/p>\n<p style=\"display: contents;\"><img loading=\"lazy\" decoding=\"async\" class=\"alignnone size-full wp-image-246\" style=\"margin: 15px 20px;\" src=\"http:\/\/samozycieijuz.pl\/wp-content\/uploads\/2022\/02\/f_03.jpg\" alt=\"\" width=\"142\" height=\"209\" \/><\/p>\n<\/div>\n<div class=\"information-left-block\"><img loading=\"lazy\" decoding=\"async\" class=\"alignnone size-full wp-image-248\" src=\"http:\/\/samozycieijuz.pl\/wp-content\/uploads\/2022\/02\/f_05.jpg\" alt=\"\" width=\"142\" height=\"190\" \/>\n<p>\u00a0<\/p>\n<p>\u00a0<\/p>\n<p>\u00a0<\/p>\n<p><strong>Fragment z rozdzia\u0142u: <em>&#8222;DRUGI REJS NA S\/Y SARMATA II SIERPIE\u0143 2021&#8221;<\/em><\/strong><br \/><em>W tym rejsie towarzyszy\u0142y mi fenomenalne zjawiska na niebie i wok\u00f3\u0142. \u015awiadomie pisz\u0119 o sobie, gdy\u017c nie mam prawa m\u00f3wi\u0107 w czyim\u015b imieniu i zapewnia\u0107, \u017ce reszta za\u0142ogi te\u017c si\u0119 nimi rozkoszowa\u0142a i mia\u0142a podobne odczucia. Te noce po wyj\u015bciu z Gdyni, roz\u015bwietlone niebo, pe\u0142ne spadaj\u0105cych gwiazd. Wielokrotnie wypowiada\u0142em w sobie marzenia. W\u015br\u00f3d nich to najmocniejsze\u2026<\/em><\/p>\n<\/div>\n\n\n<p><\/p>\n","protected":false},"excerpt":{"rendered":"<p>Fragment z rozdzia\u0142u: &#8222;\u017bAR G\u00d3RA IKAR\u00d3W&#8221;Te dziwne czarne ptaki odrywaj\u0105 si\u0119 od zachodniego zbocza g\u00f3ry, kt\u00f3ra wypuszcza je ze swojego hangarowego gniazda. W lekkiej porannej mgie\u0142ce zasilonej wilgoci\u0105 Jeziora Mi\u0119dzybrodzkiego ptaszyska kr\u0105\u017c\u0105 wysoko nad g\u0142owami. S\u0142o\u0144ce przebija si\u0119 przez poranne &hellip; <a href=\"https:\/\/samozycieijuz.pl\/?page_id=58\">Czytaj dalej <span class=\"meta-nav\">&rarr;<\/span><\/a><\/p>\n","protected":false},"author":1,"featured_media":0,"parent":0,"menu_order":3,"comment_status":"closed","ping_status":"closed","template":"","meta":{"footnotes":""},"class_list":["post-58","page","type-page","status-publish","hentry"],"yoast_head":"<!-- This site is optimized with the Yoast SEO plugin v27.3 - https:\/\/yoast.com\/product\/yoast-seo-wordpress\/ -->\n<title>Fragmenty ksi\u0105\u017cki - Samo \u017cycie i ju\u017c!<\/title>\n<meta name=\"robots\" content=\"index, follow, max-snippet:-1, max-image-preview:large, max-video-preview:-1\" \/>\n<link rel=\"canonical\" href=\"https:\/\/samozycieijuz.pl\/?page_id=58\" \/>\n<meta property=\"og:locale\" content=\"pl_PL\" \/>\n<meta property=\"og:type\" content=\"article\" \/>\n<meta property=\"og:title\" content=\"Fragmenty ksi\u0105\u017cki - Samo \u017cycie i ju\u017c!\" \/>\n<meta property=\"og:description\" content=\"Fragment z rozdzia\u0142u: &#8222;\u017bAR G\u00d3RA IKAR\u00d3W&#8221;Te dziwne czarne ptaki odrywaj\u0105 si\u0119 od zachodniego zbocza g\u00f3ry, kt\u00f3ra wypuszcza je ze swojego hangarowego gniazda. W lekkiej porannej mgie\u0142ce zasilonej wilgoci\u0105 Jeziora Mi\u0119dzybrodzkiego ptaszyska kr\u0105\u017c\u0105 wysoko nad g\u0142owami. S\u0142o\u0144ce przebija si\u0119 przez poranne &hellip; Czytaj dalej &rarr;\" \/>\n<meta property=\"og:url\" content=\"https:\/\/samozycieijuz.pl\/?page_id=58\" \/>\n<meta property=\"og:site_name\" content=\"Samo \u017cycie i ju\u017c!\" \/>\n<meta property=\"article:modified_time\" content=\"2022-03-04T22:06:00+00:00\" \/>\n<meta property=\"og:image\" content=\"http:\/\/samozycieijuz.pl\/wp-content\/uploads\/2022\/02\/f_01.jpg\" \/>\n<meta name=\"twitter:card\" content=\"summary_large_image\" \/>\n<meta name=\"twitter:label1\" content=\"Szacowany czas czytania\" \/>\n\t<meta name=\"twitter:data1\" content=\"3 minuty\" \/>\n<script type=\"application\/ld+json\" class=\"yoast-schema-graph\">{\"@context\":\"https:\\\/\\\/schema.org\",\"@graph\":[{\"@type\":\"WebPage\",\"@id\":\"https:\\\/\\\/samozycieijuz.pl\\\/?page_id=58\",\"url\":\"https:\\\/\\\/samozycieijuz.pl\\\/?page_id=58\",\"name\":\"Fragmenty ksi\u0105\u017cki - Samo \u017cycie i ju\u017c!\",\"isPartOf\":{\"@id\":\"https:\\\/\\\/samozycieijuz.pl\\\/#website\"},\"primaryImageOfPage\":{\"@id\":\"https:\\\/\\\/samozycieijuz.pl\\\/?page_id=58#primaryimage\"},\"image\":{\"@id\":\"https:\\\/\\\/samozycieijuz.pl\\\/?page_id=58#primaryimage\"},\"thumbnailUrl\":\"http:\\\/\\\/samozycieijuz.pl\\\/wp-content\\\/uploads\\\/2022\\\/02\\\/f_01.jpg\",\"datePublished\":\"2022-02-25T17:01:09+00:00\",\"dateModified\":\"2022-03-04T22:06:00+00:00\",\"breadcrumb\":{\"@id\":\"https:\\\/\\\/samozycieijuz.pl\\\/?page_id=58#breadcrumb\"},\"inLanguage\":\"pl-PL\",\"potentialAction\":[{\"@type\":\"ReadAction\",\"target\":[\"https:\\\/\\\/samozycieijuz.pl\\\/?page_id=58\"]}]},{\"@type\":\"ImageObject\",\"inLanguage\":\"pl-PL\",\"@id\":\"https:\\\/\\\/samozycieijuz.pl\\\/?page_id=58#primaryimage\",\"url\":\"https:\\\/\\\/samozycieijuz.pl\\\/wp-content\\\/uploads\\\/2022\\\/02\\\/f_01.jpg\",\"contentUrl\":\"https:\\\/\\\/samozycieijuz.pl\\\/wp-content\\\/uploads\\\/2022\\\/02\\\/f_01.jpg\",\"width\":142,\"height\":178},{\"@type\":\"BreadcrumbList\",\"@id\":\"https:\\\/\\\/samozycieijuz.pl\\\/?page_id=58#breadcrumb\",\"itemListElement\":[{\"@type\":\"ListItem\",\"position\":1,\"name\":\"Home\",\"item\":\"https:\\\/\\\/samozycieijuz.pl\\\/\"},{\"@type\":\"ListItem\",\"position\":2,\"name\":\"Fragmenty ksi\u0105\u017cki\"}]},{\"@type\":\"WebSite\",\"@id\":\"https:\\\/\\\/samozycieijuz.pl\\\/#website\",\"url\":\"https:\\\/\\\/samozycieijuz.pl\\\/\",\"name\":\"Samo \u017cycie i ju\u017c!\",\"description\":\"Marek Pietrzykowski: przygody, podr\u00f3\u017ce...i nie tylko  \",\"potentialAction\":[{\"@type\":\"SearchAction\",\"target\":{\"@type\":\"EntryPoint\",\"urlTemplate\":\"https:\\\/\\\/samozycieijuz.pl\\\/?s={search_term_string}\"},\"query-input\":{\"@type\":\"PropertyValueSpecification\",\"valueRequired\":true,\"valueName\":\"search_term_string\"}}],\"inLanguage\":\"pl-PL\"}]}<\/script>\n<!-- \/ Yoast SEO plugin. -->","yoast_head_json":{"title":"Fragmenty ksi\u0105\u017cki - Samo \u017cycie i ju\u017c!","robots":{"index":"index","follow":"follow","max-snippet":"max-snippet:-1","max-image-preview":"max-image-preview:large","max-video-preview":"max-video-preview:-1"},"canonical":"https:\/\/samozycieijuz.pl\/?page_id=58","og_locale":"pl_PL","og_type":"article","og_title":"Fragmenty ksi\u0105\u017cki - Samo \u017cycie i ju\u017c!","og_description":"Fragment z rozdzia\u0142u: &#8222;\u017bAR G\u00d3RA IKAR\u00d3W&#8221;Te dziwne czarne ptaki odrywaj\u0105 si\u0119 od zachodniego zbocza g\u00f3ry, kt\u00f3ra wypuszcza je ze swojego hangarowego gniazda. W lekkiej porannej mgie\u0142ce zasilonej wilgoci\u0105 Jeziora Mi\u0119dzybrodzkiego ptaszyska kr\u0105\u017c\u0105 wysoko nad g\u0142owami. S\u0142o\u0144ce przebija si\u0119 przez poranne &hellip; Czytaj dalej &rarr;","og_url":"https:\/\/samozycieijuz.pl\/?page_id=58","og_site_name":"Samo \u017cycie i ju\u017c!","article_modified_time":"2022-03-04T22:06:00+00:00","og_image":[{"url":"http:\/\/samozycieijuz.pl\/wp-content\/uploads\/2022\/02\/f_01.jpg","type":"","width":"","height":""}],"twitter_card":"summary_large_image","twitter_misc":{"Szacowany czas czytania":"3 minuty"},"schema":{"@context":"https:\/\/schema.org","@graph":[{"@type":"WebPage","@id":"https:\/\/samozycieijuz.pl\/?page_id=58","url":"https:\/\/samozycieijuz.pl\/?page_id=58","name":"Fragmenty ksi\u0105\u017cki - Samo \u017cycie i ju\u017c!","isPartOf":{"@id":"https:\/\/samozycieijuz.pl\/#website"},"primaryImageOfPage":{"@id":"https:\/\/samozycieijuz.pl\/?page_id=58#primaryimage"},"image":{"@id":"https:\/\/samozycieijuz.pl\/?page_id=58#primaryimage"},"thumbnailUrl":"http:\/\/samozycieijuz.pl\/wp-content\/uploads\/2022\/02\/f_01.jpg","datePublished":"2022-02-25T17:01:09+00:00","dateModified":"2022-03-04T22:06:00+00:00","breadcrumb":{"@id":"https:\/\/samozycieijuz.pl\/?page_id=58#breadcrumb"},"inLanguage":"pl-PL","potentialAction":[{"@type":"ReadAction","target":["https:\/\/samozycieijuz.pl\/?page_id=58"]}]},{"@type":"ImageObject","inLanguage":"pl-PL","@id":"https:\/\/samozycieijuz.pl\/?page_id=58#primaryimage","url":"https:\/\/samozycieijuz.pl\/wp-content\/uploads\/2022\/02\/f_01.jpg","contentUrl":"https:\/\/samozycieijuz.pl\/wp-content\/uploads\/2022\/02\/f_01.jpg","width":142,"height":178},{"@type":"BreadcrumbList","@id":"https:\/\/samozycieijuz.pl\/?page_id=58#breadcrumb","itemListElement":[{"@type":"ListItem","position":1,"name":"Home","item":"https:\/\/samozycieijuz.pl\/"},{"@type":"ListItem","position":2,"name":"Fragmenty ksi\u0105\u017cki"}]},{"@type":"WebSite","@id":"https:\/\/samozycieijuz.pl\/#website","url":"https:\/\/samozycieijuz.pl\/","name":"Samo \u017cycie i ju\u017c!","description":"Marek Pietrzykowski: przygody, podr\u00f3\u017ce...i nie tylko  ","potentialAction":[{"@type":"SearchAction","target":{"@type":"EntryPoint","urlTemplate":"https:\/\/samozycieijuz.pl\/?s={search_term_string}"},"query-input":{"@type":"PropertyValueSpecification","valueRequired":true,"valueName":"search_term_string"}}],"inLanguage":"pl-PL"}]}},"_links":{"self":[{"href":"https:\/\/samozycieijuz.pl\/index.php?rest_route=\/wp\/v2\/pages\/58","targetHints":{"allow":["GET"]}}],"collection":[{"href":"https:\/\/samozycieijuz.pl\/index.php?rest_route=\/wp\/v2\/pages"}],"about":[{"href":"https:\/\/samozycieijuz.pl\/index.php?rest_route=\/wp\/v2\/types\/page"}],"author":[{"embeddable":true,"href":"https:\/\/samozycieijuz.pl\/index.php?rest_route=\/wp\/v2\/users\/1"}],"replies":[{"embeddable":true,"href":"https:\/\/samozycieijuz.pl\/index.php?rest_route=%2Fwp%2Fv2%2Fcomments&post=58"}],"version-history":[{"count":72,"href":"https:\/\/samozycieijuz.pl\/index.php?rest_route=\/wp\/v2\/pages\/58\/revisions"}],"predecessor-version":[{"id":400,"href":"https:\/\/samozycieijuz.pl\/index.php?rest_route=\/wp\/v2\/pages\/58\/revisions\/400"}],"wp:attachment":[{"href":"https:\/\/samozycieijuz.pl\/index.php?rest_route=%2Fwp%2Fv2%2Fmedia&parent=58"}],"curies":[{"name":"wp","href":"https:\/\/api.w.org\/{rel}","templated":true}]}}