{"id":92,"date":"2022-02-26T14:17:53","date_gmt":"2022-02-26T13:17:53","guid":{"rendered":"http:\/\/samozycieijuz.pl\/?page_id=92"},"modified":"2022-09-26T21:18:23","modified_gmt":"2022-09-26T19:18:23","slug":"glowna","status":"publish","type":"page","link":"https:\/\/samozycieijuz.pl\/","title":{"rendered":""},"content":{"rendered":"\n<p style=\"font-size:16px\"><strong>Samo \u017cycie i ju\u017c!<\/strong> To wartka autobiografia, w kt\u00f3rej opowiadam o Krakowie lat 60- tych, domu, szkole i studiach. Pisz\u0119 o marzeniach m\u0142odego cz\u0142owieka, kt\u00f3ry pragn\u0105\u0142 zwiedzi\u0107 \u015bwiat. To mocne postanowienie poparte konsekwentnym uporem i ryzykiem pozwoli\u0142y mi dotrze\u0107 do Iraku, Iranu, Argentyny, USA, Syberii i wielu innych kraj\u00f3w. Relacje i opisy ciekawych przyg\u00f3d znajdziecie drodzy Czytelnicy na kartach bogato ilustrowanej licz\u0105cej ponad 700 str. ksi\u0105\u017cki. Jestem z zawodu in\u017c. mechanikiem, kt\u00f3ry wykonuj\u0105c sw\u00f3j zaw\u00f3d widzia\u0142 bardzo du\u017co, prze\u017cy\u0142 i by\u0142 uczestnikiem ciekawych i fascynuj\u0105cych sytuacji. Pisz\u0119 o pasjach, kt\u00f3re mn\u0105 zaw\u0142adn\u0119\u0142y, g\u00f3rach, nurkowaniu, wspinaczce, windsurfingu i \u017ceglarstwie morskim. Wiem, \u017ce marzenia si\u0119 nie spe\u0142niaj\u0105, ale \u017celazny up\u00f3r i praca to spos\u00f3b ich spe\u0142nienia. Nie wierzycie to przeczytajcie! Serdecznie zapraszam.<\/p>\n\n\n\n<p class=\"has-text-align-right\"><em><strong>Marek Pietrzykowski&nbsp;<\/strong><\/em><\/p>\n\n\n\n<iframe loading=\"lazy\" src=\"https:\/\/www.facebook.com\/plugins\/video.php?height=314&amp;href=https%3A%2F%2Fwww.facebook.com%2Fmarek.pietrzykowski.902%2Fvideos%2F1079047809396943%2F&amp;show_text=false&amp;width=560&amp;t=0\" width=\"560\" height=\"314\" style=\"border:none;overflow:hidden\" scrolling=\"no\" frameborder=\"0\" allowfullscreen=\"true\" allow=\"autoplay; clipboard-write; encrypted-media; picture-in-picture; web-share\"><\/iframe>\n\n\n\n<p class=\"has-text-align-center\"><\/p>\n\n\n\n<p class=\"has-drop-cap\">wiele lat dojrzewa\u0142a we mnie ch\u0119\u0107 czy wr\u0119cz konieczno\u015b\u0107 opisania tego co prze\u017cy\u0142em. Drodzy Przyjaciele i Znajomi ponad trzy lata temu o\u015bwiadczy\u0142em kilku osboom, \u017ce napisz\u0119 ksi\u0105\u017ck\u0119. Powiedzia\u0142em to z pe\u0142n\u0105 \u015bwiadomo\u015bci\u0105 wiedz\u0105c, \u017ce musz\u0119 dotrzyma\u0107 s\u0142owa. W tym okresie bardzo du\u017co si\u0119 wydarzy\u0142o. Mi\u0119dzy innymi w Kwartalniku Literackim Wyspa zosta\u0142 opublikowany fragment mojej ksi\u0105\u017cki i zebra\u0142 bardzo przychylne recenzje. Ponadto jako przedstawiciel pi\u0105tego pokolenia rodu Pap\u00e9e przygotowa\u0142em tekst dotycz\u0105cy moich najbli\u017cszych do ksi\u0105\u017cki pt. Z Francji do Polski, Saga Rodu Pap\u00e9e. Jej autor pan Jan IV Pap\u00e9e, po przeczytaniu mojej historii, powiedzia\u0142 do mojego brata Andrzeja: \u2013 <em>\u201eTekst jest tak ciekawy, \u017ce pana brat powinienem pomy\u015ble\u0107 o w\u0142asnej ksi\u0105\u017cce\u201d.<\/em> <\/p>\n\n\n\n<p class=\"has-text-align-right\"><em><strong>Marek Pietrzykowski<\/strong><\/em><\/p>\n\n\n\n<p><\/p>\n\n\n\n<p class=\"has-text-align-center\"> <\/p>\n\n\n\n<p class=\"has-text-align-center\"> &#8212;&#8212;&#8211;<\/p>\n","protected":false},"excerpt":{"rendered":"<p>Samo \u017cycie i ju\u017c! To wartka autobiografia, w kt\u00f3rej opowiadam o Krakowie lat 60- tych, domu, szkole i studiach. Pisz\u0119 o marzeniach m\u0142odego cz\u0142owieka, kt\u00f3ry pragn\u0105\u0142 zwiedzi\u0107 \u015bwiat. To mocne postanowienie poparte konsekwentnym uporem i ryzykiem pozwoli\u0142y mi dotrze\u0107 do &hellip; <a href=\"https:\/\/samozycieijuz.pl\/\">Czytaj dalej <span class=\"meta-nav\">&rarr;<\/span><\/a><\/p>\n","protected":false},"author":1,"featured_media":0,"parent":0,"menu_order":1,"comment_status":"closed","ping_status":"closed","template":"","meta":{"footnotes":""},"class_list":["post-92","page","type-page","status-publish","hentry"],"yoast_head":"<!-- This site is optimized with the Yoast SEO plugin v27.3 - https:\/\/yoast.com\/product\/yoast-seo-wordpress\/ -->\n<title>- Samo \u017cycie i ju\u017c!<\/title>\n<meta name=\"robots\" content=\"index, follow, max-snippet:-1, max-image-preview:large, max-video-preview:-1\" \/>\n<link rel=\"canonical\" href=\"https:\/\/samozycieijuz.pl\/\" \/>\n<meta property=\"og:locale\" content=\"pl_PL\" \/>\n<meta property=\"og:type\" content=\"article\" \/>\n<meta property=\"og:title\" content=\"- Samo \u017cycie i ju\u017c!\" \/>\n<meta property=\"og:description\" content=\"Samo \u017cycie i ju\u017c! To wartka autobiografia, w kt\u00f3rej opowiadam o Krakowie lat 60- tych, domu, szkole i studiach. Pisz\u0119 o marzeniach m\u0142odego cz\u0142owieka, kt\u00f3ry pragn\u0105\u0142 zwiedzi\u0107 \u015bwiat. To mocne postanowienie poparte konsekwentnym uporem i ryzykiem pozwoli\u0142y mi dotrze\u0107 do &hellip; Czytaj dalej &rarr;\" \/>\n<meta property=\"og:url\" content=\"https:\/\/samozycieijuz.pl\/\" \/>\n<meta property=\"og:site_name\" content=\"Samo \u017cycie i ju\u017c!\" \/>\n<meta property=\"article:modified_time\" content=\"2022-09-26T19:18:23+00:00\" \/>\n<meta name=\"twitter:card\" content=\"summary_large_image\" \/>\n<meta name=\"twitter:label1\" content=\"Szacowany czas czytania\" \/>\n\t<meta name=\"twitter:data1\" content=\"2 minuty\" \/>\n<script type=\"application\/ld+json\" class=\"yoast-schema-graph\">{\"@context\":\"https:\\\/\\\/schema.org\",\"@graph\":[{\"@type\":\"WebPage\",\"@id\":\"https:\\\/\\\/samozycieijuz.pl\\\/\",\"url\":\"https:\\\/\\\/samozycieijuz.pl\\\/\",\"name\":\"- Samo \u017cycie i ju\u017c!\",\"isPartOf\":{\"@id\":\"https:\\\/\\\/samozycieijuz.pl\\\/#website\"},\"datePublished\":\"2022-02-26T13:17:53+00:00\",\"dateModified\":\"2022-09-26T19:18:23+00:00\",\"inLanguage\":\"pl-PL\",\"potentialAction\":[{\"@type\":\"ReadAction\",\"target\":[\"https:\\\/\\\/samozycieijuz.pl\\\/\"]}]},{\"@type\":\"WebSite\",\"@id\":\"https:\\\/\\\/samozycieijuz.pl\\\/#website\",\"url\":\"https:\\\/\\\/samozycieijuz.pl\\\/\",\"name\":\"Samo \u017cycie i ju\u017c!\",\"description\":\"Marek Pietrzykowski: przygody, podr\u00f3\u017ce...i nie tylko  \",\"potentialAction\":[{\"@type\":\"SearchAction\",\"target\":{\"@type\":\"EntryPoint\",\"urlTemplate\":\"https:\\\/\\\/samozycieijuz.pl\\\/?s={search_term_string}\"},\"query-input\":{\"@type\":\"PropertyValueSpecification\",\"valueRequired\":true,\"valueName\":\"search_term_string\"}}],\"inLanguage\":\"pl-PL\"}]}<\/script>\n<!-- \/ Yoast SEO plugin. -->","yoast_head_json":{"title":"- Samo \u017cycie i ju\u017c!","robots":{"index":"index","follow":"follow","max-snippet":"max-snippet:-1","max-image-preview":"max-image-preview:large","max-video-preview":"max-video-preview:-1"},"canonical":"https:\/\/samozycieijuz.pl\/","og_locale":"pl_PL","og_type":"article","og_title":"- Samo \u017cycie i ju\u017c!","og_description":"Samo \u017cycie i ju\u017c! To wartka autobiografia, w kt\u00f3rej opowiadam o Krakowie lat 60- tych, domu, szkole i studiach. Pisz\u0119 o marzeniach m\u0142odego cz\u0142owieka, kt\u00f3ry pragn\u0105\u0142 zwiedzi\u0107 \u015bwiat. To mocne postanowienie poparte konsekwentnym uporem i ryzykiem pozwoli\u0142y mi dotrze\u0107 do &hellip; Czytaj dalej &rarr;","og_url":"https:\/\/samozycieijuz.pl\/","og_site_name":"Samo \u017cycie i ju\u017c!","article_modified_time":"2022-09-26T19:18:23+00:00","twitter_card":"summary_large_image","twitter_misc":{"Szacowany czas czytania":"2 minuty"},"schema":{"@context":"https:\/\/schema.org","@graph":[{"@type":"WebPage","@id":"https:\/\/samozycieijuz.pl\/","url":"https:\/\/samozycieijuz.pl\/","name":"- Samo \u017cycie i ju\u017c!","isPartOf":{"@id":"https:\/\/samozycieijuz.pl\/#website"},"datePublished":"2022-02-26T13:17:53+00:00","dateModified":"2022-09-26T19:18:23+00:00","inLanguage":"pl-PL","potentialAction":[{"@type":"ReadAction","target":["https:\/\/samozycieijuz.pl\/"]}]},{"@type":"WebSite","@id":"https:\/\/samozycieijuz.pl\/#website","url":"https:\/\/samozycieijuz.pl\/","name":"Samo \u017cycie i ju\u017c!","description":"Marek Pietrzykowski: przygody, podr\u00f3\u017ce...i nie tylko  ","potentialAction":[{"@type":"SearchAction","target":{"@type":"EntryPoint","urlTemplate":"https:\/\/samozycieijuz.pl\/?s={search_term_string}"},"query-input":{"@type":"PropertyValueSpecification","valueRequired":true,"valueName":"search_term_string"}}],"inLanguage":"pl-PL"}]}},"_links":{"self":[{"href":"https:\/\/samozycieijuz.pl\/index.php?rest_route=\/wp\/v2\/pages\/92","targetHints":{"allow":["GET"]}}],"collection":[{"href":"https:\/\/samozycieijuz.pl\/index.php?rest_route=\/wp\/v2\/pages"}],"about":[{"href":"https:\/\/samozycieijuz.pl\/index.php?rest_route=\/wp\/v2\/types\/page"}],"author":[{"embeddable":true,"href":"https:\/\/samozycieijuz.pl\/index.php?rest_route=\/wp\/v2\/users\/1"}],"replies":[{"embeddable":true,"href":"https:\/\/samozycieijuz.pl\/index.php?rest_route=%2Fwp%2Fv2%2Fcomments&post=92"}],"version-history":[{"count":165,"href":"https:\/\/samozycieijuz.pl\/index.php?rest_route=\/wp\/v2\/pages\/92\/revisions"}],"predecessor-version":[{"id":740,"href":"https:\/\/samozycieijuz.pl\/index.php?rest_route=\/wp\/v2\/pages\/92\/revisions\/740"}],"wp:attachment":[{"href":"https:\/\/samozycieijuz.pl\/index.php?rest_route=%2Fwp%2Fv2%2Fmedia&parent=92"}],"curies":[{"name":"wp","href":"https:\/\/api.w.org\/{rel}","templated":true}]}}